{"id":30,"date":"2024-04-15T08:40:22","date_gmt":"2024-04-15T08:40:22","guid":{"rendered":"https:\/\/impodcastsumpf.de\/?page_id=30"},"modified":"2024-05-02T18:08:12","modified_gmt":"2024-05-02T18:08:12","slug":"ueber-uns","status":"publish","type":"page","link":"http:\/\/impodcastsumpf.de\/?page_id=30","title":{"rendered":"\u00dcber uns"},"content":{"rendered":"\n<p>Wir sind die Perlentaucher im Podcastsumpf. Die Idee zum Podcast kam bei einem gem\u00fctlichen Grillabend, als Tina und Meddi beisammen sa\u00dfen und sich dar\u00fcber aufregten, wie schwer es sei, gute neue Podcasts zu finden. Der Podcastmarkt stand am Anfang eines Booms und wurde zunehmend zu einem Sumpf, in dem an jeder Ecke ein schreckliches H\u00f6rerlebnis (wir nennen so etwas ein &#8222;Sumpfmonster&#8220;) lauerte. Um dieses Schicksal von anderen Podcastfans fernzuhalten, beschlossen Tina und Meddi an diesem Abend, in einer lauen Sommernacht Anno 2021, den Podcast &#8222;Im Podcastsumpf&#8220; ins Leben zu rufen. Seither verstehen sich die beiden als einsame Perlentaucher im immer tiefer werdenden Podcastsumpf. An jedem ersten Samstag im Monat pr\u00e4sentieren die beiden vier neue Perlen aus dem Podcastsumpf f\u00fcr ihr Publikum, dass sie liebevoll &#8222;Die Sumpfies&#8220; nennen.<\/p>\n\n\n\n<p><\/p>\n\n\n\n<p>Wer alles an der Entstehung einer Folge beteiligt ist, sehen wir hier.<\/p>\n\n\n\n<div class=\"wp-block-media-text is-stacked-on-mobile\" style=\"grid-template-columns:32% auto\"><figure class=\"wp-block-media-text__media\"><img loading=\"lazy\" decoding=\"async\" width=\"768\" height=\"1024\" src=\"https:\/\/impodcastsumpf.de\/wp-content\/uploads\/2024\/04\/tin-768x1024.jpg\" alt=\"\" class=\"wp-image-41 size-full\" srcset=\"http:\/\/impodcastsumpf.de\/wp-content\/uploads\/2024\/04\/tin-768x1024.jpg 768w, http:\/\/impodcastsumpf.de\/wp-content\/uploads\/2024\/04\/tin-225x300.jpg 225w, http:\/\/impodcastsumpf.de\/wp-content\/uploads\/2024\/04\/tin-1152x1536.jpg 1152w, http:\/\/impodcastsumpf.de\/wp-content\/uploads\/2024\/04\/tin-1536x2048.jpg 1536w, http:\/\/impodcastsumpf.de\/wp-content\/uploads\/2024\/04\/tin-scaled.jpg 1920w\" sizes=\"(max-width: 768px) 100vw, 768px\" \/><\/figure><div class=\"wp-block-media-text__content\">\n<p>Sumpfmistress Tina mit K<\/p>\n\n\n\n<p>Hobby Musikerin, Naturliebhaberin, Introvertierte und Sch\u00e4ferhunddompteuse,\u2026 das alles ist Tina mit K. Ihre Religion ist die Wissenschaft, ihr unsichtbarer Freund ein fliegendes Spaghettimonster. Beruflich ist sie ganz woanders unterwegs, denn die Luftfahrt fasziniert sie ebenso. Wenn Tina nicht gerade einen neuen Song f\u00fcr ihre Band schreibt oder arrangiert, findet man sie entweder auf dem Sofa oder im Wald, aber stets mit Kopfh\u00f6rern im Ohr, die ihr das neueste aus Wissenschaft, Natur oder der Welt der Tiere erz\u00e4hlen. <br><br>Hier k\u00f6nnt Ihr <a href=\"https:\/\/soundcloud.com\/tina-becker-elderqueen\/ode-an-den-kaffee\" data-type=\"link\" data-id=\"https:\/\/soundcloud.com\/tina-becker-elderqueen\/ode-an-den-kaffee\" target=\"_blank\" rel=\"noreferrer noopener\">Tinas Kaffesong h\u00f6ren<\/a><\/p>\n\n\n\n<p><\/p>\n<\/div><\/div>\n\n\n\n<p><\/p>\n\n\n\n<hr class=\"wp-block-separator has-alpha-channel-opacity\"\/>\n\n\n\n<p><\/p>\n\n\n\n<div class=\"wp-block-media-text is-stacked-on-mobile\" style=\"grid-template-columns:32% auto\"><figure class=\"wp-block-media-text__media\"><img loading=\"lazy\" decoding=\"async\" width=\"768\" height=\"1024\" src=\"https:\/\/impodcastsumpf.de\/wp-content\/uploads\/2024\/04\/WhatsApp-Image-2024-04-15-at-11.09.30.jpeg\" alt=\"\" class=\"wp-image-58 size-full\" srcset=\"http:\/\/impodcastsumpf.de\/wp-content\/uploads\/2024\/04\/WhatsApp-Image-2024-04-15-at-11.09.30.jpeg 768w, http:\/\/impodcastsumpf.de\/wp-content\/uploads\/2024\/04\/WhatsApp-Image-2024-04-15-at-11.09.30-225x300.jpeg 225w\" sizes=\"(max-width: 768px) 100vw, 768px\" \/><\/figure><div class=\"wp-block-media-text__content\">\n<p>Sumpfmaster <strong>Meddi M\u00fcller<\/strong><\/p>\n\n\n\n<p>Frankfurter, Schriftsteller, Podcaster, Dummbabbler &#8230; das alles ist Meddi M\u00fcller. Mittlerweile hat er 15 abendf\u00fcllende B\u00fccher verschiedener Genres ver\u00f6ffentlicht. Er tritt mit Vorliebe auf den Kleinkunstb\u00fchnen seiner Heimatstadt auf und versucht sich st\u00e4ndig an neuen kulturellen Herausforderungen. Mehr \u00fcber ihn erfahrt Ihr auf seiner Homepage <a href=\"http:\/\/www.meddimueller.de\" data-type=\"link\" data-id=\"www.meddimueller.de\" target=\"_blank\" rel=\"noreferrer noopener\">meddimueller.de<\/a><\/p>\n<\/div><\/div>\n\n\n\n<p><\/p>\n\n\n\n<hr class=\"wp-block-separator has-alpha-channel-opacity\"\/>\n\n\n\n<p><\/p>\n\n\n\n<div class=\"wp-block-media-text is-stacked-on-mobile\" style=\"grid-template-columns:28% auto\"><figure class=\"wp-block-media-text__media\"><img loading=\"lazy\" decoding=\"async\" width=\"489\" height=\"506\" src=\"https:\/\/impodcastsumpf.de\/wp-content\/uploads\/2024\/05\/IMG_7519.png\" alt=\"\" class=\"wp-image-138 size-full\" srcset=\"http:\/\/impodcastsumpf.de\/wp-content\/uploads\/2024\/05\/IMG_7519.png 489w, http:\/\/impodcastsumpf.de\/wp-content\/uploads\/2024\/05\/IMG_7519-290x300.png 290w\" sizes=\"(max-width: 489px) 100vw, 489px\" \/><\/figure><div class=\"wp-block-media-text__content\">\n<p><\/p>\n\n\n\n<p>Albert<\/p>\n\n\n\n<p>Er ist der stille Mann im Hintergrund, der unsere Huster, R\u00e4usperer und ungewollten \u00c4u\u00dferungen rausfiltert und ins h\u00f6rbare Format setzt. Dazu f\u00fcgt er die Trailer an den richtigen Stellen ein und auch mal den ein oder anderen Gag. Ohne seine Arbeit, w\u00e4re der Podcast nur halb so gut!<\/p>\n\n\n\n<hr class=\"wp-block-separator has-alpha-channel-opacity\"\/>\n\n\n\n<p><\/p>\n<\/div><\/div>\n\n\n\n<div class=\"wp-block-media-text is-stacked-on-mobile\" style=\"grid-template-columns:28% auto\"><figure class=\"wp-block-media-text__media\"><img loading=\"lazy\" decoding=\"async\" width=\"1024\" height=\"1024\" src=\"https:\/\/impodcastsumpf.de\/wp-content\/uploads\/2024\/04\/WhatsApp-Image-2024-04-15-at-12.58.22.jpeg\" alt=\"\" class=\"wp-image-93 size-full\" srcset=\"http:\/\/impodcastsumpf.de\/wp-content\/uploads\/2024\/04\/WhatsApp-Image-2024-04-15-at-12.58.22.jpeg 1024w, http:\/\/impodcastsumpf.de\/wp-content\/uploads\/2024\/04\/WhatsApp-Image-2024-04-15-at-12.58.22-300x300.jpeg 300w, http:\/\/impodcastsumpf.de\/wp-content\/uploads\/2024\/04\/WhatsApp-Image-2024-04-15-at-12.58.22-150x150.jpeg 150w, http:\/\/impodcastsumpf.de\/wp-content\/uploads\/2024\/04\/WhatsApp-Image-2024-04-15-at-12.58.22-768x768.jpeg 768w, http:\/\/impodcastsumpf.de\/wp-content\/uploads\/2024\/04\/WhatsApp-Image-2024-04-15-at-12.58.22-666x666.jpeg 666w\" sizes=\"(max-width: 1024px) 100vw, 1024px\" \/><\/figure><div class=\"wp-block-media-text__content\">\n<p>Die Sumpfies<\/p>\n\n\n\n<p>Das seid Ihr, liebe Zuh\u00f6renden. Denn ohne Euch, macht das alles keinen Sinn. Wir freuen uns immer, wenn Ihr uns schreibt und uns Eure Lieblingspodcasts empfiehlt. Empfehlungen k\u00f6nnt ihr jederzeit \u00fcber das <a href=\"https:\/\/impodcastsumpf.de\/?page_id=77\" data-type=\"page\" data-id=\"77\">Kontaktformular <\/a>einreichen. Au\u00dferdem freuen wir uns \u00fcber Eure Kommentare und Anregungen, die wir gerne mitnehmen, um uns zu verbessern. Vielen Dank daf\u00fcr!<\/p>\n<\/div><\/div>\n","protected":false},"excerpt":{"rendered":"<p>Wir sind die Perlentaucher im Podcastsumpf. Die Idee zum Podcast kam bei einem gem\u00fctlichen Grillabend, als Tina und Meddi beisammen<\/p>\n<p><a href=\"http:\/\/impodcastsumpf.de\/?page_id=30\" class=\"more-link\">Continue reading<span class=\"screen-reader-text\">\u00dcber uns<\/span><\/a><\/p>\n","protected":false},"author":1,"featured_media":0,"parent":0,"menu_order":0,"comment_status":"closed","ping_status":"closed","template":"","meta":{"footnotes":""},"_links":{"self":[{"href":"http:\/\/impodcastsumpf.de\/index.php?rest_route=\/wp\/v2\/pages\/30"}],"collection":[{"href":"http:\/\/impodcastsumpf.de\/index.php?rest_route=\/wp\/v2\/pages"}],"about":[{"href":"http:\/\/impodcastsumpf.de\/index.php?rest_route=\/wp\/v2\/types\/page"}],"author":[{"embeddable":true,"href":"http:\/\/impodcastsumpf.de\/index.php?rest_route=\/wp\/v2\/users\/1"}],"replies":[{"embeddable":true,"href":"http:\/\/impodcastsumpf.de\/index.php?rest_route=%2Fwp%2Fv2%2Fcomments&post=30"}],"version-history":[{"count":12,"href":"http:\/\/impodcastsumpf.de\/index.php?rest_route=\/wp\/v2\/pages\/30\/revisions"}],"predecessor-version":[{"id":139,"href":"http:\/\/impodcastsumpf.de\/index.php?rest_route=\/wp\/v2\/pages\/30\/revisions\/139"}],"wp:attachment":[{"href":"http:\/\/impodcastsumpf.de\/index.php?rest_route=%2Fwp%2Fv2%2Fmedia&parent=30"}],"curies":[{"name":"wp","href":"https:\/\/api.w.org\/{rel}","templated":true}]}}