{"id":49,"date":"2024-04-15T09:10:02","date_gmt":"2024-04-15T09:10:02","guid":{"rendered":"https:\/\/impodcastsumpf.de\/?page_id=49"},"modified":"2024-04-20T20:15:26","modified_gmt":"2024-04-20T20:15:26","slug":"der-podcast","status":"publish","type":"page","link":"http:\/\/impodcastsumpf.de\/?page_id=49","title":{"rendered":"Der Podcast"},"content":{"rendered":"\n<p>Seit 2021 haben die beiden Hosts Tina mit K und Meddi M\u00fcller \u00fcber 240 Podcast-Perlen aus dem Sumpf gezogen. Die meisten davon haben sie auf einer Liste auf der Podcastsuchmaschine <a href=\"https:\/\/fyyd.de\/user\/Podcastsumpf\/collection\/bc3b7767b3e4be2d6f129767808d9582?page=matrix&amp;matrix=1\">Fyyd <\/a>zusammengetragen.<\/p>\n\n\n\n<div class=\"wp-block-media-text is-stacked-on-mobile\"><figure class=\"wp-block-media-text__media\"><img loading=\"lazy\" decoding=\"async\" width=\"512\" height=\"512\" src=\"http:\/\/impodcastsumpf.de\/wp-content\/uploads\/2024\/04\/cropped-cropped-Cover_neu-1.jpg\" alt=\"\" class=\"wp-image-23 size-full\" srcset=\"http:\/\/impodcastsumpf.de\/wp-content\/uploads\/2024\/04\/cropped-cropped-Cover_neu-1.jpg 512w, http:\/\/impodcastsumpf.de\/wp-content\/uploads\/2024\/04\/cropped-cropped-Cover_neu-1-300x300.jpg 300w, http:\/\/impodcastsumpf.de\/wp-content\/uploads\/2024\/04\/cropped-cropped-Cover_neu-1-150x150.jpg 150w, http:\/\/impodcastsumpf.de\/wp-content\/uploads\/2024\/04\/cropped-cropped-Cover_neu-1-270x270.jpg 270w, http:\/\/impodcastsumpf.de\/wp-content\/uploads\/2024\/04\/cropped-cropped-Cover_neu-1-192x192.jpg 192w, http:\/\/impodcastsumpf.de\/wp-content\/uploads\/2024\/04\/cropped-cropped-Cover_neu-1-180x180.jpg 180w, http:\/\/impodcastsumpf.de\/wp-content\/uploads\/2024\/04\/cropped-cropped-Cover_neu-1-32x32.jpg 32w\" sizes=\"(max-width: 512px) 100vw, 512px\" \/><\/figure><div class=\"wp-block-media-text__content\">\n<p>Entstanden ist der Podcast aus einer Not heraus. Sowohl Tina als auch Meddi hatten zunehmend Schwierigkeiten, gute Podcasts zu finden, die sie als n\u00e4chstes h\u00f6ren wollten. Die stetige Suche nach dem n\u00e4chsten Podcast nervte derma\u00dfen, dass sie beschlossen, anderen dieses schreckliche Schicksal zu ersparen und ihre Suche nach den Perlen im Podcastsumpf in den Dienst ihrer Zuh\u00f6renden zu stellen.<\/p>\n<\/div><\/div>\n\n\n\n<hr class=\"wp-block-separator has-alpha-channel-opacity\"\/>\n\n\n\n<p>Es gibt Millionen von Podcasts. Doch welcher ist der richtige f\u00fcr mich? Und wie finde ich ihn? H\u00e4lt der Inhalt, was das Cover verspricht? Wie gut ist die Qualit\u00e4t und wie sind die Moderator*innen? Es ist ein wahrer Sumpf &#8230; und wir wagen uns hinein, suchen f\u00fcr Euch  die besten Podcasts und pr\u00e4sentieren diese in jeder Folge. Wir suchen f\u00fcr Euch nach den Perlen im Podcastsumpf und gehen in der Googlesuche sogar bis zu Seite 2.\u00a0<\/p>\n\n\n\n<p>Zu jeder Folge gibt es von Tina den <a href=\"https:\/\/impodcastsumpf.de\/?page_id=60\" data-type=\"page\" data-id=\"60\">Klugschei\u00dfer der Woche.<\/a> Au\u00dferdem wird zu jeder Folge die <a href=\"https:\/\/open.spotify.com\/playlist\/7z75O30UURmQ3vqFYAlpZ9?si=mLXYDu1-SOCTGywo75uQdA\">Spotify-Playlist<\/a> des Podcasts mit zwei neuen Lieder gef\u00fcttert, die mittlerweile eine ziemlich aberwitzige Mischung ist. Von Abba bis Zabba ist alles dabei!<\/p>\n\n\n\n<p>Wenn Ihr einen Podcast-Tipp habt, lasst es uns wissen und <a href=\"https:\/\/impodcastsumpf.de\/?page_id=77\" data-type=\"page\" data-id=\"77\">schreibt uns <\/a><\/p>\n\n\n\n<p>Folgt uns auch auf <a href=\"https:\/\/www.facebook.com\/impodcastsumpf\" data-type=\"link\" data-id=\"https:\/\/www.facebook.com\/impodcastsumpf\">Facebook<\/a> und <a href=\"https:\/\/www.instagram.com\/impodcastsumpf\/\" data-type=\"link\" data-id=\"https:\/\/www.instagram.com\/impodcastsumpf\/\">Instagram<\/a><\/p>\n","protected":false},"excerpt":{"rendered":"<p>Seit 2021 haben die beiden Hosts Tina mit K und Meddi M\u00fcller \u00fcber 240 Podcast-Perlen aus dem Sumpf gezogen. Die<\/p>\n<p><a href=\"http:\/\/impodcastsumpf.de\/?page_id=49\" class=\"more-link\">Continue reading<span class=\"screen-reader-text\">Der Podcast<\/span><\/a><\/p>\n","protected":false},"author":1,"featured_media":0,"parent":0,"menu_order":0,"comment_status":"closed","ping_status":"closed","template":"","meta":{"footnotes":""},"_links":{"self":[{"href":"http:\/\/impodcastsumpf.de\/index.php?rest_route=\/wp\/v2\/pages\/49"}],"collection":[{"href":"http:\/\/impodcastsumpf.de\/index.php?rest_route=\/wp\/v2\/pages"}],"about":[{"href":"http:\/\/impodcastsumpf.de\/index.php?rest_route=\/wp\/v2\/types\/page"}],"author":[{"embeddable":true,"href":"http:\/\/impodcastsumpf.de\/index.php?rest_route=\/wp\/v2\/users\/1"}],"replies":[{"embeddable":true,"href":"http:\/\/impodcastsumpf.de\/index.php?rest_route=%2Fwp%2Fv2%2Fcomments&post=49"}],"version-history":[{"count":14,"href":"http:\/\/impodcastsumpf.de\/index.php?rest_route=\/wp\/v2\/pages\/49\/revisions"}],"predecessor-version":[{"id":125,"href":"http:\/\/impodcastsumpf.de\/index.php?rest_route=\/wp\/v2\/pages\/49\/revisions\/125"}],"wp:attachment":[{"href":"http:\/\/impodcastsumpf.de\/index.php?rest_route=%2Fwp%2Fv2%2Fmedia&parent=49"}],"curies":[{"name":"wp","href":"https:\/\/api.w.org\/{rel}","templated":true}]}}