{"id":60,"date":"2024-04-15T09:24:25","date_gmt":"2024-04-15T09:24:25","guid":{"rendered":"https:\/\/impodcastsumpf.de\/?page_id=60"},"modified":"2026-04-02T18:10:18","modified_gmt":"2026-04-02T18:10:18","slug":"ksdw","status":"publish","type":"page","link":"http:\/\/impodcastsumpf.de\/?page_id=60","title":{"rendered":"KSDW"},"content":{"rendered":"\n<p class=\"has-medium-gray-background-color has-text-color has-background has-link-color wp-elements-ee1a6dd777a2a30fc20c64924f474e4b\" style=\"color:#fff300\">Der Klugschei\u00dfer der Woche ist eine beliebte Rubrik, die es Tina erlaubt, ihr inneres Nerdtier zu befrieden. In jeder Folge erstaunt sie nicht nur Meddi mit sinnlosem Wissen. Auf dieser Seite haben wir als besonderen Service alle bisherigen Klugschei\u00dfer f\u00fcr Euch zum Nachlesen aufgelistet. Hier entsteht nach und nach nichts Geringeres als ein umfassendes Enzonkl &#8230; Enzokly &#8230; Enklopi &#8230; ach, so was wie ein Duden f\u00fcr Klugschei\u00dfer eben.<\/p>\n\n\n\n<p class=\"has-text-color has-link-color wp-elements-7b2a43d2b19d18803f484697a8577fac\" style=\"color:#fff300\">Viel Spa\u00df beim Nachklugschei\u00dfen \ud83d\ude09<\/p>\n\n\n\n<p>\u00a0<a href=\"https:\/\/de.wikipedia.org\/wiki\/Spaghettisierung\">Spaghettisierung<\/a><\/p>\n\n\n\n<p><a href=\"https:\/\/www.medienwerkstatt-online.de\/lws_wissen\/vorlagen\/showcard.php?id=10682\" target=\"_blank\" rel=\"noreferrer noopener\">Sich verhaspeln<\/a><\/p>\n\n\n\n<p><a href=\"https:\/\/de.wikipedia.org\/wiki\/Kupferstecher#:~:text=fecit%20%E2%80%9A%E2%80%A6,%E2%80%9Ealter%20Freund%20und%20Petschaftsstecher%E2%80%9C.\">Mein Freund und Kupferstecher<\/a><\/p>\n\n\n\n<p><a href=\"https:\/\/de.wikipedia.org\/wiki\/High_five\">High Five<\/a><\/p>\n\n\n\n<p><a href=\"https:\/\/www.ndr.de\/geschichte\/koepfe\/Barbies-Vorbild-Die-Bild-Lilli-aus-Hamburg,bildlilli102.html\">Die Herkunft der Barbie Puppe<\/a><\/p>\n\n\n\n<p><a href=\"https:\/\/de.pons.com\/p\/wissensecke\/phrasen-und-wendungen\/muffensausen-haben#:~:text=Was%20hier%20saust%2C%20war%20einst,sp%C3%A4ter%20auch%20kurze%20Verbindungsrohre%20Muffe.\">Muffensausen<\/a><\/p>\n\n\n\n<p>&nbsp;<a href=\"https:\/\/www.zeit.de\/zeit-magazin\/2015\/31\/deutschlandkarte-kuechenmesser-dialekt\">Kleines K\u00fcchenmesser<\/a><\/p>\n\n\n\n<p><a href=\"https:\/\/de.m.wikipedia.org\/wiki\/Webcam#:~:text=Coffee%20Pot%20Camera-,Die%20erste%20Webcam,November%201993)%20ins%20Web%20sendete.\" target=\"_blank\" rel=\"noreferrer noopener\">Die erste Webcam der Welt<\/a><\/p>\n\n\n\n<p><a href=\"https:\/\/www.radio8.de\/mediathek\/audio\/warum-ist-die-bierzeltgarnitur-orange-2\/\" target=\"_blank\" rel=\"noreferrer noopener\">Bierzeltgarnituren<\/a><\/p>\n\n\n\n<p><a href=\"https:\/\/www.scinexx.de\/news\/biowissen\/wellen-formen-seepockenpenis\">Seepocken haben einen langen Penis<\/a><\/p>\n\n\n\n<p><a href=\"https:\/\/www.wissen.de\/wortherkunft\/quinkelieren\">Quinkelieren<\/a>,<a href=\"https:\/\/www.ndr.de\/n-joy\/leben\/11-deutsche-Woerter-die-ihr-garantiert-nicht-kennt,witzigewoerter100.html\">11 wenig bekannte deutsche W\u00f6rter<\/a><\/p>\n\n\n\n<p><a href=\"https:\/\/de.wikipedia.org\/wiki\/Malapropismus\">Malapropismus<\/a><\/p>\n\n\n\n<p><a href=\"https:\/\/hoaxilla.com\/hoaxilla-305-stockholm-syndrom\/\">Stockholm-Syndrom<\/a>, <a href=\"https:\/\/de.wikipedia.org\/wiki\/Stockholm-Syndrom#Begriffskritik\">Wikipedia<\/a><\/p>\n\n\n\n<p><a href=\"https:\/\/www.ardaudiothek.de\/sendung\/familiengeheimnisse-sag-mir-wer-ich-bin\/13172909\/\"><\/a><a href=\"https:\/\/de.m.wikipedia.org\/wiki\/Poronkusema\">Poronkusema<\/a><\/p>\n\n\n\n<p><a href=\"https:\/\/bionorica.de\/de\/gesundheit\/halsschmerzen\/welche-hausmittel-helfen-bei-halsschmerzen.html#:~:text=Gurgeln%20wird%20bei%20Schluckbeschwerden%20oft,oder%20Fremdstoffe%20werden%20einfach%20ausgesp%C3%BClt.\">Gurgeln gegen Halsschmerzen<\/a><\/p>\n\n\n\n<p><a href=\"https:\/\/www.dentnet.de\/ratgeber\/mundspuelungen#:~:text=T%C3%A4gliche%20Mundsp%C3%BClungen%20eignen%20sich%20gut,schwer%20zug%C3%A4ngliche%20Stellen%20im%20Mund.\">Nach dem Z\u00e4hneputzen mit Mundsp\u00fclung gurgeln<\/a><\/p>\n\n\n\n<p><a href=\"https:\/\/www.focus.de\/gesundheit\/experts\/mundhygiene-nach-dem-zaehneputzen-ausspuelen-oder-nicht-die-meisten-machen-es-falsch_id_7857118.html\">Mund nicht aussp\u00fclen<\/a><\/p>\n\n\n\n<p><a href=\"https:\/\/de.wikipedia.org\/wiki\/Beere\">Panzerbeeren<\/a><\/p>\n\n\n\n<p><a href=\"https:\/\/de.m.wikipedia.org\/wiki\/Throbber\">Throbber<\/a>&nbsp;<\/p>\n\n\n\n<p><a href=\"https:\/\/www.spektrum.de\/news\/rentiere-wechseln-ihre-augenfarbe\/1211941\">Rentiere wechseln ihre Augenfarbe<\/a><\/p>\n\n\n\n<p><a href=\"https:\/\/de.dreamstime.com\/reflektoren-b%C3%BCrgersteige-pompeji-italien-auf-dem-b%C3%BCrgersteig-aus-den-wei%C3%9Fen-kieseln-die-dazu-beigetragen-haben-weg-der-nacht-image187664979\" target=\"_blank\" rel=\"noreferrer noopener\">Momorsteine in Pompeji<\/a><\/p>\n\n\n\n<p><a href=\"https:\/\/de.m.wikipedia.org\/wiki\/B%C3%BC%C3%9Fereis\">B\u00fc\u00dfereis<\/a><\/p>\n\n\n\n<p><a href=\"https:\/\/www.20min.ch\/story\/egal-wie-satt-darum-ist-fuer-suesses-immer-platz-575312914067\">Dessert Magen<\/a><\/p>\n\n\n\n<p><a href=\"https:\/\/de.m.wikipedia.org\/wiki\/Per%C3%BCckensteuer\">Per\u00fcckensteuer<\/a>&nbsp;<\/p>\n\n\n\n<p><a href=\"https:\/\/de.wikipedia.org\/wiki\/Tetrachromat#Sekund%C3%A4re_Tetrachromasie_beim_Menschen\">Tetrachromasie<\/a><\/p>\n\n\n\n<p><a href=\"https:\/\/praxistipps.focus.de\/huehnergott-das-ist-die-bedeutung-in-der-mythologie_115501\">H\u00fchnergott<\/a><\/p>\n\n\n\n<p><a href=\"https:\/\/www.ndr.de\/geschichte\/kroetenteich102_page-1.html\">Explodierende Kr\u00f6ten<\/a><\/p>\n\n\n\n<p><a href=\"https:\/\/de.m.wikipedia.org\/wiki\/Serendipit%C3%A4t\">Serendipit\u00e4t<\/a><\/p>\n\n\n\n<p><a href=\"https:\/\/www.geo.de\/natur\/oekologie\/29-000-quietscheenten-wurden-zum-glueck-fuer-die-forschung-31455200.html\">Quietscheentchen<\/a><\/p>\n\n\n\n<p><a href=\"https:\/\/de.m.wikipedia.org\/wiki\/Borborygmus\">Borborygmus<\/a><\/p>\n\n\n\n<p><a href=\"https:\/\/vegetarian-diaries.de\/sind-feigen-vegan\/#:~:text=Wir%20essen%20die%20Fr%C3%BCchte%20der,eben%20auch%20eine%20Wespe%20enth%C3%A4lt.\">Sind Feigen vegan?<\/a><\/p>\n\n\n\n<p><a href=\"https:\/\/www.geo.de\/geolino\/redewendungen\/7807-rtkl-redewendung-olle-kamellen#:~:text=Redewendung%20Olle%20Kamellen&amp;text=Der%20Ausdruck%20stammt%20aus%20dem,die%20Kamillen%20nicht%20mehr%20n%C3%BCtzlich.\">Olle Kamellen<\/a><\/p>\n\n\n\n<p><a href=\"https:\/\/www.wissenschaft.de\/erde-umwelt\/baeume-sinken-buchstaeblich-in-den-schlaf\/\">Schlafende B\u00e4ume<\/a><\/p>\n\n\n\n<p><a href=\"https:\/\/www.google.com\/amp\/s\/praxistipps.chip.de\/wie-viel-ist-eine-milliarde-einfach-anschaulich-erklaert_153863%3flayout=amp\">1 Million vs 1 Milliarde<\/a><\/p>\n\n\n\n<p><a href=\"https:\/\/mikrobenzirkus.com\/2016\/05\/29\/blutige-hostien-und-fronleichnam-serratia-marcescens\/comment-page-1\/\">Fronleichnam<\/a><\/p>\n\n\n\n<p><strong><a href=\"https:\/\/www.tierchenwelt.de\/krebse\/75-pistolenkrebs-knallkrebs.html\">Das lauteste Tier der Welt<\/a>, <a href=\"https:\/\/de.wikipedia.org\/wiki\/Knallkrebse#Knallerzeugung\">Wikipedia<\/a><\/strong><\/p>\n\n\n\n<p><a href=\"https:\/\/universes.art\/de\/specials\/john-cage-organ-project-halberstadt#:~:text=Das%20l%C3%A4ngste%20Musikst%C3%BCck%20der%20Welt,also%20bis%20zum%20Jahr%202640\">Das langsamste Lied der Welt<\/a>, <a href=\"https:\/\/de.wikipedia.org\/wiki\/ORGAN%C2%B2\/ASLSP\">Wikipedia &#8211; ORGAN\u00b2\/ASLSP<\/a>, <a href=\"https:\/\/www.aslsp.org\/\">Offizielle Homepage<\/a> <\/p>\n\n\n\n<p><a href=\"https:\/\/de.m.wikipedia.org\/wiki\/Pechtropfenexperiment\">Pechtropfenexperiment <\/a>&nbsp;<\/p>\n\n\n\n<p><a href=\"https:\/\/de.wikipedia.org\/wiki\/Alpaka\">Alpakas <\/a>(Hi.Hi)<\/p>\n\n\n\n<p><a href=\"https:\/\/www.ostmann.de\/gewuerzwissen\/woher-kommt-eigentlich-das-sprichwort-kohldampf-schieben\/#:~:text=Das%20Sprichwort%20geht%20auf%20das%20Rotwelsche%20zur%C3%BCck.&amp;text=Es%20hat%20sich%20aus%20dem,Gaunersprache%20also%20im%20Hungerhunger%2DZustand\">Kohldampf schieben<\/a>, <a href=\"https:\/\/de.m.wiktionary.org\/wiki\/Kohldampf\">Wiktionary Kohldampf<\/a>, <a href=\"https:\/\/de.m.wikipedia.org\/wiki\/Rotwelsch\">Rotwelsch<\/a><\/p>\n\n\n\n<p><a href=\"https:\/\/de.wikipedia.org\/wiki\/Internationaler_Frauentag\">Weltfrauentag<\/a><\/p>\n\n\n\n<p><a href=\"http:\/\/guenter-prinzip.de\/\">G\u00fcnter<\/a><\/p>\n\n\n\n<p><a href=\"https:\/\/www.buch7.de\/produkt\/guenter-der-innere-schweinehund-stefan-fraedrich\/1022498598?ean=9783869365893\">Das erste Buch<\/a><\/p>\n\n\n\n<p><a href=\"https:\/\/www.bayernkurier.de\/inland\/2831-wettschnupfen-in-tattenhausen\/#:~:text=Der%20Wettbewerb%20selbst%20l%C3%A4uft%20nach,m%C3%B6glich%20aus%20ihrer%20B%C3%BCchse%20wegzuschnupfen.\">Meisterschaft im Tabakschnupfen<\/a> \u2026<a href=\"https:\/\/www.faz.net\/aktuell\/gesellschaft\/jugend-schreibt\/schnupf-wettkampf-15410076.html\">mehr Info<\/a><\/p>\n\n\n\n<p><a href=\"https:\/\/de.m.wikipedia.org\/wiki\/Rollmops\">Rollmops<\/a><\/p>\n\n\n\n<p><a href=\"https:\/\/de.m.wikipedia.org\/wiki\/Mpemba-Effekt\">Der Mpemba Effekt<\/a><\/p>\n\n\n\n<p>&nbsp;<a href=\"https:\/\/de.m.wikipedia.org\/wiki\/Ananas#Luxusgut_Ananas\">Luxusgut Ananas &#8211; Wikipedia<\/a>, <a href=\"https:\/\/www.google.com\/amp\/s\/amp.welt.de\/vermischtes\/video157139028\/Als-die-Ananas-noch-ein-ultimatives-Status-Symbol-war.html\">Ananas als Statussymbol &#8211; Video<\/a><\/p>\n\n\n\n<p><a href=\"https:\/\/de.m.wikipedia.org\/wiki\/Nostoc\">Sternenrotz<\/a>&nbsp;<\/p>\n\n\n\n<p><a href=\"https:\/\/de.wikipedia.org\/wiki\/Schmetterlinge#Herkunft_des_Namens\">Schmetterling und Butterfly<\/a><\/p>\n\n\n\n<p><a href=\"https:\/\/de.m.wikipedia.org\/wiki\/Mondmilch\">Mondmilch<\/a><\/p>\n\n\n\n<p><a href=\"https:\/\/de.m.wikipedia.org\/wiki\/Spekulatius\">Spekulatius &#8211; Wikipedia<\/a>, <a href=\"https:\/\/www.weihnachtszeit.net\/weihnachtsbaeckerei\/spekulatius\/\">Geschichte und Herkunft<\/a>, <a href=\"https:\/\/www.helpster.de\/was-ist-auf-spekulatius-gebaeck-zu-sehen-hintergrund-der-bilder_105696\">Hintergrund der Bilder<\/a><\/p>\n\n\n\n<p><a href=\"https:\/\/de.m.wikipedia.org\/wiki\/Artemis_3\">Befraute Mondlandung 2026<\/a>, <a href=\"https:\/\/de.m.wikipedia.org\/wiki\/Artemis-Programm\">Artemis Programm<\/a>&nbsp;<\/p>\n\n\n\n<p><a href=\"https:\/\/www.podcast.de\/podcast-news\/verb-podcasten-nun-im-duden\">&#8222;Podcasten&#8220; im Online Duden<\/a><\/p>\n\n\n\n<p><a href=\"https:\/\/katapult-magazin.de\/de\/artikel\/huehner-moegen-huebsche-menschen\">H\u00fchner bevorzugen sch\u00f6ne Menschen<\/a>, Quelle: <a href=\"https:\/\/www.buch7.de\/produkt\/lachende-wissenschaft-mark-benecke\/103602771?ean=9783404605569\">Lachende Wissenschaft <\/a>von Mark Benecke<\/p>\n\n\n\n<p><a href=\"https:\/\/www.henry-ford.net\/deutsch\/biografie.html\">Henry Ford hat das Wochenende erfunden<\/a><\/p>\n\n\n\n<p><a href=\"https:\/\/de.m.wikipedia.org\/wiki\/Melitta_(Unternehmen)#:~:text=Der%20Firmenname%20Melitta%20geht%20zur%C3%BCck,oder%20ausgeschnittenes%20L%C3%B6schpapier%20eingesetzt%20wurde.\">Melitta Filtert\u00fcten<\/a>&nbsp;<a href=\"https:\/\/de.m.wikipedia.org\/wiki\/Melitta_(Vorname)#:~:text=4%20Siehe%20auch-,Herkunft%20und%20Bedeutung,in%20der%20Neuzeit%20bekannt%20geworden.\">Namensherkunft<\/a><\/p>\n\n\n\n<p><a href=\"https:\/\/www.scinexx.de\/news\/psychologie\/schlafmangel-veraendert-unsere-wahrnehmung\/\">Wenn dich alle hassen, geh schlafen<\/a><\/p>\n\n\n\n<p>&nbsp;<a href=\"https:\/\/www.mdr.de\/wissen\/studenten-besser-lernen-hunde-100.html\">Hunde streicheln reduziert Stress<\/a><\/p>\n\n\n\n<p>&nbsp;<a href=\"https:\/\/de.m.wikipedia.org\/wiki\/Trick_17\">Trick 17 &#8211; aka Lifehack<\/a><\/p>\n\n\n\n<p><a href=\"https:\/\/scary.fandom.com\/wiki\/Haradashi\">Haradashi<\/a>, <a href=\"https:\/\/youtu.be\/-mWfmA4e8nE\">YouTube &lt;Erkl\u00e4rung<\/a><\/p>\n\n\n\n<p><a href=\"https:\/\/academic.oup.com\/iob\/article\/2\/1\/obaa005\/5799080\">Evolution of Human Facial Hair<\/a>, <a href=\"https:\/\/www.br.de\/wissen\/nobelpreis-ig-nobel-2021-ignobelpreis-100.html\">IG-Nobelpreise 2021<\/a><\/p>\n\n\n\n<p><a href=\"https:\/\/de.m.wikipedia.org\/wiki\/Nostoc\">Sternenrotz<\/a> Quelle: <a href=\"https:\/\/www.buch7.de\/produkt\/eine-geschichte-der-welt-in-100-mikroorganismen-florian-freistetter\/1041356661?ean=9783446270961\">Eine Geschichte der Welt in 100 Mikroorganismen<\/a>&nbsp;<\/p>\n\n\n\n<p><a href=\"https:\/\/de.m.wikipedia.org\/wiki\/Mexikanische_Stacheltaschenmaus\">Die Mexikanische Stachel Taschenmaus<\/a><\/p>\n\n\n\n<p><a href=\"https:\/\/de.m.wikipedia.org\/wiki\/Pitcairn#:~:text=Die%20Pitcairninseln%20sind%20die%20letzte,das%20erste%20nachhaltige%20Frauenwahlrecht%20eingef%C3%BChrt.\">Die Pitcairninseln<\/a><\/p>\n\n\n\n<p><a href=\"https:\/\/de.wiktionary.org\/wiki\/Risotto#:~:text=Herkunft%3A,%E2%86%92%20grc%20%E2%80%9AReis'%20zur%C3%BCckgeht.\">Risotto<\/a><\/p>\n\n\n\n<p><a href=\"https:\/\/de.wikipedia.org\/wiki\/Misophonie\">Misophonie<\/a><\/p>\n\n\n\n<p><a href=\"https:\/\/de.m.wikipedia.org\/wiki\/Rattenk%C3%B6nig\">Rattenk\u00f6nig<\/a><\/p>\n\n\n\n<p><strong><a href=\"https:\/\/de.wikipedia.org\/wiki\/Liste_der_Tr%C3%A4ger_des_Ig-Nobelpreises\">Geringe Wahrscheinlichkeit f\u00fcr weitere Alienentf\u00fchrungen<\/a> (Ig-Nobelpreis 1993, Psychologie)<\/strong><\/p>\n\n\n\n<p><a href=\"https:\/\/www.3sat.de\/wissen\/nano\/210512-korallen-nano-102.html\">Die wundersame Vermehrung der Korallen<\/a><\/p>\n\n\n\n<p><a href=\"http:\/\/www2.mat.dtu.dk\/education\/01999\/SpaghettiCracking.pdf\">Wissenschaftliches Paper \u00fcber Spaghetti brechen<\/a>, <a href=\"http:\/\/www.lmm.jussieu.fr\/spaghetti\/movies-6-more.html\">Zeitlupe brechender Spaghettis<\/a><\/p>\n\n\n\n<p><a href=\"https:\/\/www.zeit.de\/amp\/zeit-wissen\/2018\/03\/waldbaden-natur-heilung-gesundheit-japan?utm_referrer=https%3A%2F%2Fwww.google.com%2F\">Waldbaden f\u00fcr die Gesundheit<\/a>&nbsp;<\/p>\n\n\n\n<p><a href=\"https:\/\/www.spektrum.de\/news\/intelligenz-groesse-der-pupillen-verraet-den-iq\/1882357\">Gr\u00f6\u00dfe der Pupillen verr\u00e4t Intelligenz<\/a><\/p>\n\n\n\n<p><\/p>\n","protected":false},"excerpt":{"rendered":"<p>Der Klugschei\u00dfer der Woche ist eine beliebte Rubrik, die es Tina erlaubt, ihr inneres Nerdtier zu befrieden. In jeder Folge<\/p>\n<p><a href=\"http:\/\/impodcastsumpf.de\/?page_id=60\" class=\"more-link\">Continue reading<span class=\"screen-reader-text\">KSDW<\/span><\/a><\/p>\n","protected":false},"author":1,"featured_media":0,"parent":0,"menu_order":0,"comment_status":"closed","ping_status":"closed","template":"","meta":{"footnotes":""},"_links":{"self":[{"href":"http:\/\/impodcastsumpf.de\/index.php?rest_route=\/wp\/v2\/pages\/60"}],"collection":[{"href":"http:\/\/impodcastsumpf.de\/index.php?rest_route=\/wp\/v2\/pages"}],"about":[{"href":"http:\/\/impodcastsumpf.de\/index.php?rest_route=\/wp\/v2\/types\/page"}],"author":[{"embeddable":true,"href":"http:\/\/impodcastsumpf.de\/index.php?rest_route=\/wp\/v2\/users\/1"}],"replies":[{"embeddable":true,"href":"http:\/\/impodcastsumpf.de\/index.php?rest_route=%2Fwp%2Fv2%2Fcomments&post=60"}],"version-history":[{"count":23,"href":"http:\/\/impodcastsumpf.de\/index.php?rest_route=\/wp\/v2\/pages\/60\/revisions"}],"predecessor-version":[{"id":212,"href":"http:\/\/impodcastsumpf.de\/index.php?rest_route=\/wp\/v2\/pages\/60\/revisions\/212"}],"wp:attachment":[{"href":"http:\/\/impodcastsumpf.de\/index.php?rest_route=%2Fwp%2Fv2%2Fmedia&parent=60"}],"curies":[{"name":"wp","href":"https:\/\/api.w.org\/{rel}","templated":true}]}}