{"id":109,"date":"2024-04-20T08:26:31","date_gmt":"2024-04-20T08:26:31","guid":{"rendered":"https:\/\/impodcastsumpf.de\/?page_id=109"},"modified":"2024-04-20T13:04:23","modified_gmt":"2024-04-20T13:04:23","slug":"support","status":"publish","type":"page","link":"https:\/\/impodcastsumpf.de\/?page_id=109","title":{"rendered":"Support"},"content":{"rendered":"\n<div class=\"wp-block-media-text is-stacked-on-mobile\" style=\"grid-template-columns:42% auto\"><figure class=\"wp-block-media-text__media\"><img loading=\"lazy\" decoding=\"async\" width=\"1024\" height=\"1024\" src=\"http:\/\/impodcastsumpf.de\/wp-content\/uploads\/2024\/04\/WhatsApp-Image-2024-04-15-at-12.58.22.jpeg\" alt=\"\" class=\"wp-image-93 size-full\" srcset=\"https:\/\/impodcastsumpf.de\/wp-content\/uploads\/2024\/04\/WhatsApp-Image-2024-04-15-at-12.58.22.jpeg 1024w, https:\/\/impodcastsumpf.de\/wp-content\/uploads\/2024\/04\/WhatsApp-Image-2024-04-15-at-12.58.22-300x300.jpeg 300w, https:\/\/impodcastsumpf.de\/wp-content\/uploads\/2024\/04\/WhatsApp-Image-2024-04-15-at-12.58.22-150x150.jpeg 150w, https:\/\/impodcastsumpf.de\/wp-content\/uploads\/2024\/04\/WhatsApp-Image-2024-04-15-at-12.58.22-768x768.jpeg 768w, https:\/\/impodcastsumpf.de\/wp-content\/uploads\/2024\/04\/WhatsApp-Image-2024-04-15-at-12.58.22-666x666.jpeg 666w\" sizes=\"(max-width: 1024px) 100vw, 1024px\" \/><\/figure><div class=\"wp-block-media-text__content\">\n<p><strong>Nein, wir wollen kein Geld!<\/strong><\/p>\n\n\n\n<p>Unser Podcast ist und bleibt unkommerziell. Das hei\u00dft aber nicht, dass wir nicht so viele Zuh\u00f6rende wie m\u00f6glich erreichen wollen.  <\/p>\n\n\n\n<p>Daf\u00fcr brauchen wir aber Eure Unterst\u00fctzung. <\/p>\n\n\n\n<p><strong>Wie k\u00f6nnt Ihr uns helfen? <\/strong><\/p>\n\n\n\n<p>Ganz einfach: Empfehlt uns weiter, bewertet unseren Podcast in den Apps (nat\u00fcrlich positiv), schreibt Kommentare, folgt uns auf <a href=\"https:\/\/www.facebook.com\/impodcastsumpf\" data-type=\"link\" data-id=\"https:\/\/www.facebook.com\/impodcastsumpf\">Facebook<\/a> und <a href=\"https:\/\/www.instagram.com\/impodcastsumpf\/\" data-type=\"link\" data-id=\"https:\/\/www.instagram.com\/impodcastsumpf\/\" target=\"_blank\" rel=\"noreferrer noopener\">Instagram<\/a>, erz\u00e4hlt allen von unserem Podcast, schreibt uns und lasst uns wissen, welchen Podcast wir vorstellen sollen oder schreibt uns Eure Kritik, macht Vorschl\u00e4ge oder Anregungen.<\/p>\n<\/div><\/div>\n\n\n\n<p>Ihr k\u00f6nnt \u00fcbrigens auch Euren eigenen Podcast vorschlagen, keine falsche Bescheidenheit! <\/p>\n\n\n\n<p>Am einfachsten erreicht Ihr uns \u00fcber unser <a href=\"https:\/\/impodcastsumpf.de\/?page_id=77\" data-type=\"page\" data-id=\"77\">Kontaktformular <\/a>. Wir freuen uns \u00fcber jede Nachricht.<\/p>\n","protected":false},"excerpt":{"rendered":"<p>Nein, wir wollen kein Geld! Unser Podcast ist und bleibt unkommerziell. Das hei\u00dft aber nicht, dass wir nicht so viele<\/p>\n<p><a href=\"https:\/\/impodcastsumpf.de\/?page_id=109\" class=\"more-link\">Continue reading<span class=\"screen-reader-text\">Support<\/span><\/a><\/p>\n","protected":false},"author":1,"featured_media":0,"parent":0,"menu_order":0,"comment_status":"closed","ping_status":"closed","template":"","meta":{"footnotes":""},"_links":{"self":[{"href":"https:\/\/impodcastsumpf.de\/index.php?rest_route=\/wp\/v2\/pages\/109"}],"collection":[{"href":"https:\/\/impodcastsumpf.de\/index.php?rest_route=\/wp\/v2\/pages"}],"about":[{"href":"https:\/\/impodcastsumpf.de\/index.php?rest_route=\/wp\/v2\/types\/page"}],"author":[{"embeddable":true,"href":"https:\/\/impodcastsumpf.de\/index.php?rest_route=\/wp\/v2\/users\/1"}],"replies":[{"embeddable":true,"href":"https:\/\/impodcastsumpf.de\/index.php?rest_route=%2Fwp%2Fv2%2Fcomments&post=109"}],"version-history":[{"count":7,"href":"https:\/\/impodcastsumpf.de\/index.php?rest_route=\/wp\/v2\/pages\/109\/revisions"}],"predecessor-version":[{"id":119,"href":"https:\/\/impodcastsumpf.de\/index.php?rest_route=\/wp\/v2\/pages\/109\/revisions\/119"}],"wp:attachment":[{"href":"https:\/\/impodcastsumpf.de\/index.php?rest_route=%2Fwp%2Fv2%2Fmedia&parent=109"}],"curies":[{"name":"wp","href":"https:\/\/api.w.org\/{rel}","templated":true}]}}